{"id":104,"date":"2022-09-07T10:33:57","date_gmt":"2022-09-07T08:33:57","guid":{"rendered":"https:\/\/feedback.mordor.hu\/?page_id=104"},"modified":"2022-09-20T19:12:51","modified_gmt":"2022-09-20T17:12:51","slug":"about","status":"publish","type":"page","link":"https:\/\/feedback.mordor.hu\/en\/about\/","title":{"rendered":"About","raw":"About"},"content":{"rendered":"<p>Welcome to FeedBack&#8217;s official website!<\/p>\n<h5>Albums:<\/h5>\n<h6>L\u00e9lekt\u00e1nc (2022)<\/h6>\n<iframe src=\"https:\/\/open.spotify.com\/embed\/?uri=spotify:album:6glz2sAREFie4zerbSqlK1?si=JN6FhxMYQveh2vEz5aOtGw\" width=\"100%\" height=\"80\" frameBorder=\"0\" allowfullscreen=\"\" allow=\"autoplay; clipboard-write; encrypted-media; fullscreen; picture-in-picture\" loading=\"lazy\" style=\"max-width:100%px;max-height:80px;min-height:80px;\"><\/iframe><p><a href=\"https:\/\/open.spotify.com\/album\/6glz2sAREFie4zerbSqlK1?si=JN6FhxMYQveh2vEz5aOtGw\" target=\"_blank\">Open in Spotify<\/a><\/p>\n<h6>Kult\u00farfegyver (2019)<\/h6>\n<iframe src=\"https:\/\/open.spotify.com\/embed\/?uri=spotify:album:3sAmxj57YEcAWruYMj5qi0\" width=\"100%\" height=\"80\" frameBorder=\"0\" allowfullscreen=\"\" allow=\"autoplay; clipboard-write; encrypted-media; fullscreen; picture-in-picture\" loading=\"lazy\" style=\"max-width:100%px;max-height:80px;min-height:80px;\"><\/iframe><p><a href=\"https:\/\/open.spotify.com\/album\/3sAmxj57YEcAWruYMj5qi0\" target=\"_blank\">Open in Spotify<\/a><\/p>\n<h5>Band members:<\/h5>\n<p><code><div id=\"style-tujuh\" class=\"team-post-281 style-tujuh\">\r\n    <div class=\"team-block grid grid-cols-12\">\r\n                <div class=\"team-inner-block col-span-6 sm:col-span-12\">\r\n            \t<div class=\"team-avatar\">\r\n\t\t<img width=\"1600\" height=\"1600\" src=\"https:\/\/feedback.mordor.hu\/wp-content\/uploads\/2022\/09\/nn.jpg\" class=\"attachment-full size-full\" alt=\"Zenekarunk tagjai\" decoding=\"async\" loading=\"lazy\" srcset=\"https:\/\/feedback.mordor.hu\/wp-content\/uploads\/2022\/09\/nn.jpg 1600w, https:\/\/feedback.mordor.hu\/wp-content\/uploads\/2022\/09\/nn-300x300.jpg 300w, https:\/\/feedback.mordor.hu\/wp-content\/uploads\/2022\/09\/nn-1024x1024.jpg 1024w, https:\/\/feedback.mordor.hu\/wp-content\/uploads\/2022\/09\/nn-150x150.jpg 150w, https:\/\/feedback.mordor.hu\/wp-content\/uploads\/2022\/09\/nn-768x768.jpg 768w, https:\/\/feedback.mordor.hu\/wp-content\/uploads\/2022\/09\/nn-1536x1536.jpg 1536w, https:\/\/feedback.mordor.hu\/wp-content\/uploads\/2022\/09\/nn-2048x2048.jpg 2048w, https:\/\/feedback.mordor.hu\/wp-content\/uploads\/2022\/09\/nn-640x640.jpg 640w, https:\/\/feedback.mordor.hu\/wp-content\/uploads\/2022\/09\/nn-720x720.jpg 720w, https:\/\/feedback.mordor.hu\/wp-content\/uploads\/2022\/09\/nn-70x70.jpg 70w, https:\/\/feedback.mordor.hu\/wp-content\/uploads\/2022\/09\/nn-80x80.jpg 80w\" sizes=\"(max-width: 1600px) 100vw, 1600px\" title=\"Zenekarunk tagjai\" \/>\t<\/div>\r\n            <div class=\"team-details clearfix\">\r\n                <div class=\"inner-team-details\">\r\n                    \t<div class=\"team-name\">\r\n\t\t<h1>Kiss Norbert<\/h1>\r\n\t<\/div>\r\n\r\n                    \t<div class=\"team-job\">\r\n\t\t<span>\u00c9nekes<\/span>\r\n\t<\/div>\r\n                    \r\n                    \t<div class=\"team-bio\">\r\n\t\t<p><\/p>\r\n\t<\/div>\r\n                    <div class=\"team-socials clearfix\">\r\n                        <ul class=\"social-list\">\r\n                                                    <\/ul>\r\n                    <\/div>\r\n                <\/div>\r\n            <\/div>\r\n        <\/div>\r\n                <div class=\"team-inner-block col-span-6 sm:col-span-12\">\r\n            \t<div class=\"team-avatar\">\r\n\t\t<img width=\"1600\" height=\"1600\" src=\"https:\/\/feedback.mordor.hu\/wp-content\/uploads\/2022\/09\/z.jpg\" class=\"attachment-full size-full\" alt=\"Zenekarunk tagjai\" decoding=\"async\" loading=\"lazy\" srcset=\"https:\/\/feedback.mordor.hu\/wp-content\/uploads\/2022\/09\/z.jpg 1600w, https:\/\/feedback.mordor.hu\/wp-content\/uploads\/2022\/09\/z-300x300.jpg 300w, https:\/\/feedback.mordor.hu\/wp-content\/uploads\/2022\/09\/z-1024x1024.jpg 1024w, https:\/\/feedback.mordor.hu\/wp-content\/uploads\/2022\/09\/z-150x150.jpg 150w, https:\/\/feedback.mordor.hu\/wp-content\/uploads\/2022\/09\/z-768x768.jpg 768w, https:\/\/feedback.mordor.hu\/wp-content\/uploads\/2022\/09\/z-1536x1536.jpg 1536w, https:\/\/feedback.mordor.hu\/wp-content\/uploads\/2022\/09\/z-2048x2048.jpg 2048w, https:\/\/feedback.mordor.hu\/wp-content\/uploads\/2022\/09\/z-640x640.jpg 640w, https:\/\/feedback.mordor.hu\/wp-content\/uploads\/2022\/09\/z-720x720.jpg 720w, https:\/\/feedback.mordor.hu\/wp-content\/uploads\/2022\/09\/z-70x70.jpg 70w, https:\/\/feedback.mordor.hu\/wp-content\/uploads\/2022\/09\/z-80x80.jpg 80w\" sizes=\"(max-width: 1600px) 100vw, 1600px\" title=\"Zenekarunk tagjai\" \/>\t<\/div>\r\n            <div class=\"team-details clearfix\">\r\n                <div class=\"inner-team-details\">\r\n                    \t<div class=\"team-name\">\r\n\t\t<h1>Szoboszlay Zsolt <\/h1>\r\n\t<\/div>\r\n\r\n                    \t<div class=\"team-job\">\r\n\t\t<span>Git\u00e1r<\/span>\r\n\t<\/div>\r\n                    \r\n                    \t<div class=\"team-bio\">\r\n\t\t<p><\/p>\r\n\t<\/div>\r\n                    <div class=\"team-socials clearfix\">\r\n                        <ul class=\"social-list\">\r\n                                                    <\/ul>\r\n                    <\/div>\r\n                <\/div>\r\n            <\/div>\r\n        <\/div>\r\n                <div class=\"team-inner-block col-span-6 sm:col-span-12\">\r\n            \t<div class=\"team-avatar\">\r\n\t\t<img width=\"1600\" height=\"1600\" src=\"https:\/\/feedback.mordor.hu\/wp-content\/uploads\/2022\/09\/b.jpg\" class=\"attachment-full size-full\" alt=\"Zenekarunk tagjai\" decoding=\"async\" loading=\"lazy\" srcset=\"https:\/\/feedback.mordor.hu\/wp-content\/uploads\/2022\/09\/b.jpg 1600w, https:\/\/feedback.mordor.hu\/wp-content\/uploads\/2022\/09\/b-300x300.jpg 300w, https:\/\/feedback.mordor.hu\/wp-content\/uploads\/2022\/09\/b-1024x1024.jpg 1024w, https:\/\/feedback.mordor.hu\/wp-content\/uploads\/2022\/09\/b-150x150.jpg 150w, https:\/\/feedback.mordor.hu\/wp-content\/uploads\/2022\/09\/b-768x768.jpg 768w, https:\/\/feedback.mordor.hu\/wp-content\/uploads\/2022\/09\/b-1536x1536.jpg 1536w, https:\/\/feedback.mordor.hu\/wp-content\/uploads\/2022\/09\/b-2048x2048.jpg 2048w, https:\/\/feedback.mordor.hu\/wp-content\/uploads\/2022\/09\/b-640x640.jpg 640w, https:\/\/feedback.mordor.hu\/wp-content\/uploads\/2022\/09\/b-720x720.jpg 720w, https:\/\/feedback.mordor.hu\/wp-content\/uploads\/2022\/09\/b-70x70.jpg 70w, https:\/\/feedback.mordor.hu\/wp-content\/uploads\/2022\/09\/b-80x80.jpg 80w\" sizes=\"(max-width: 1600px) 100vw, 1600px\" title=\"Zenekarunk tagjai\" \/>\t<\/div>\r\n            <div class=\"team-details clearfix\">\r\n                <div class=\"inner-team-details\">\r\n                    \t<div class=\"team-name\">\r\n\t\t<h1>Bagi Zsolt <\/h1>\r\n\t<\/div>\r\n\r\n                    \t<div class=\"team-job\">\r\n\t\t<span>Dobok<\/span>\r\n\t<\/div>\r\n                    \r\n                    \t<div class=\"team-bio\">\r\n\t\t<p><\/p>\r\n\t<\/div>\r\n                    <div class=\"team-socials clearfix\">\r\n                        <ul class=\"social-list\">\r\n                                                    <\/ul>\r\n                    <\/div>\r\n                <\/div>\r\n            <\/div>\r\n        <\/div>\r\n                <div class=\"team-inner-block col-span-6 sm:col-span-12\">\r\n            \t<div class=\"team-avatar\">\r\n\t\t<img width=\"1738\" height=\"2014\" src=\"https:\/\/feedback.mordor.hu\/wp-content\/uploads\/2023\/09\/Subject-4-e1695835255165.png\" class=\"attachment-full size-full\" alt=\"Zenekarunk tagjai\" decoding=\"async\" loading=\"lazy\" srcset=\"https:\/\/feedback.mordor.hu\/wp-content\/uploads\/2023\/09\/Subject-4-e1695835255165.png 1738w, https:\/\/feedback.mordor.hu\/wp-content\/uploads\/2023\/09\/Subject-4-e1695835255165-259x300.png 259w, https:\/\/feedback.mordor.hu\/wp-content\/uploads\/2023\/09\/Subject-4-e1695835255165-884x1024.png 884w, https:\/\/feedback.mordor.hu\/wp-content\/uploads\/2023\/09\/Subject-4-e1695835255165-768x890.png 768w, https:\/\/feedback.mordor.hu\/wp-content\/uploads\/2023\/09\/Subject-4-e1695835255165-1326x1536.png 1326w\" sizes=\"(max-width: 1738px) 100vw, 1738px\" title=\"Zenekarunk tagjai\" \/>\t<\/div>\r\n            <div class=\"team-details clearfix\">\r\n                <div class=\"inner-team-details\">\r\n                    \t<div class=\"team-name\">\r\n\t\t<h1>Somogyi L\u00e1szl\u00f3<\/h1>\r\n\t<\/div>\r\n\r\n                    \t<div class=\"team-job\">\r\n\t\t<span>Basszusgit\u00e1r<\/span>\r\n\t<\/div>\r\n                    \r\n                    \t<div class=\"team-bio\">\r\n\t\t<p><\/p>\r\n\t<\/div>\r\n                    <div class=\"team-socials clearfix\">\r\n                        <ul class=\"social-list\">\r\n                                                    <\/ul>\r\n                    <\/div>\r\n                <\/div>\r\n            <\/div>\r\n        <\/div>\r\n            <\/div>\r\n<\/div>\r\n\r\n\r\n\r\n<\/code><\/p>\n","protected":false,"raw":"Welcome to FeedBack's official website!\r\n<h5>Albums:<\/h5>\r\n<h6>L\u00e9lekt\u00e1nc (2022)<\/h6>\r\n[spotifyplaybutton play=\"https:\/\/open.spotify.com\/album\/6glz2sAREFie4zerbSqlK1?si=JN6FhxMYQveh2vEz5aOtGw\"]\r\n<h6>Kult\u00farfegyver (2019)<\/h6>\r\n[spotifyplaybutton play=\"https:\/\/open.spotify.com\/album\/3sAmxj57YEcAWruYMj5qi0\"]\r\n<h5>Band members:<\/h5>\r\n<code>[team_awesome id=\"281\"]<\/code>"},"excerpt":{"rendered":"","protected":false,"raw":""},"author":3,"featured_media":0,"parent":0,"menu_order":0,"comment_status":"closed","ping_status":"closed","template":"","meta":{"_hu_post_content":"\u00dcdv\u00f6zl\u00fcnk a FeedBack zenekar hivatalos oldal\u00e1n! Zenekarunk 2017-ben alakult meg, majd 2018 \u00e1prilis\u00e1ban tartottuk els\u0151 bemutatkoz\u00f3 koncert\u00fcnket. Zenekarunknak eddig kett\u0151 hivatalos albuma sz\u00fcletett a Kult\u00farfegyver \u00e9s a L\u00e9lekt\u00e1nc, melyeket meghallgathattok Spotify oldalunkon (FeedBack zenekar) \u00e9s YouTube-on is.\r\n\r\nA j\u00f6v\u0151beli koncertjeinkr\u0151l t\u00e1j\u00e9koz\u00f3dhattok itt a weboldalon a Koncertek f\u00fcl alatt vagy Facebook oldalunkon az esem\u00e9nyekn\u00e9l.\r\n<h5>Lemezeink:<\/h5>\r\n<h6>L\u00e9lekt\u00e1nc (2022)<\/h6>\r\n[spotifyplaybutton play=\"https:\/\/open.spotify.com\/album\/6glz2sAREFie4zerbSqlK1?si=JN6FhxMYQveh2vEz5aOtGw\"]\r\n<h6>Kult\u00farfegyver (2019)<\/h6>\r\n[spotifyplaybutton play=\"https:\/\/open.spotify.com\/album\/3sAmxj57YEcAWruYMj5qi0\"]\r\n<h5>A zenekar tagjai:<\/h5>\r\n<code>[team_awesome id=\"281\"]<\/code>","_hu_post_name":"rolunk","_hu_post_excerpt":"","_hu_post_title":"R\u00f3lunk","_en_post_content":"Welcome to FeedBack's official website!\r\n<h5>Albums:<\/h5>\r\n<h6>L\u00e9lekt\u00e1nc (2022)<\/h6>\r\n[spotifyplaybutton play=\"https:\/\/open.spotify.com\/album\/6glz2sAREFie4zerbSqlK1?si=JN6FhxMYQveh2vEz5aOtGw\"]\r\n<h6>Kult\u00farfegyver (2019)<\/h6>\r\n[spotifyplaybutton play=\"https:\/\/open.spotify.com\/album\/3sAmxj57YEcAWruYMj5qi0\"]\r\n<h5>Band members:<\/h5>\r\n<code>[team_awesome id=\"281\"]<\/code>","_en_post_name":"about","_en_post_excerpt":"","_en_post_title":"About","edit_language":"en","ngg_post_thumbnail":0,"footnotes":""},"_links":{"self":[{"href":"https:\/\/feedback.mordor.hu\/en\/wp-json\/wp\/v2\/pages\/104"}],"collection":[{"href":"https:\/\/feedback.mordor.hu\/en\/wp-json\/wp\/v2\/pages"}],"about":[{"href":"https:\/\/feedback.mordor.hu\/en\/wp-json\/wp\/v2\/types\/page"}],"author":[{"embeddable":true,"href":"https:\/\/feedback.mordor.hu\/en\/wp-json\/wp\/v2\/users\/3"}],"replies":[{"embeddable":true,"href":"https:\/\/feedback.mordor.hu\/en\/wp-json\/wp\/v2\/comments?post=104"}],"version-history":[{"count":20,"href":"https:\/\/feedback.mordor.hu\/en\/wp-json\/wp\/v2\/pages\/104\/revisions"}],"predecessor-version":[{"id":533,"href":"https:\/\/feedback.mordor.hu\/en\/wp-json\/wp\/v2\/pages\/104\/revisions\/533"}],"wp:attachment":[{"href":"https:\/\/feedback.mordor.hu\/en\/wp-json\/wp\/v2\/media?parent=104"}],"curies":[{"name":"wp","href":"https:\/\/api.w.org\/{rel}","templated":true}]}}