{"id":107,"date":"2022-09-07T10:33:57","date_gmt":"2022-09-07T08:33:57","guid":{"rendered":"https:\/\/feedback.mordor.hu\/?page_id=107"},"modified":"2022-09-20T19:13:03","modified_gmt":"2022-09-20T17:13:03","slug":"gallery","status":"publish","type":"page","link":"https:\/\/feedback.mordor.hu\/en\/gallery\/","title":{"rendered":"Gallery","raw":"Gallery"},"content":{"rendered":"<div class=\"ngg-albumoverview default-view\">\n            <div class=\"ngg-album-compact\">\n            <div class=\"ngg-album-compactbox\">\n                <div class=\"ngg-album-link\">\n                                                                <a title='S8 Underground'\n                       href='https:\/\/feedback.mordor.hu\/en\/gallery\/nggallery\/koncertek\/s8-underground'>\n                            <img class=\"Thumb\"\n                                 alt=\"S8 Underground\"\n                                 src=\"https:\/\/feedback.mordor.hu\/wp-content\/gallery\/s8-tehetsegkutato\/cache\/305536969_507549721370838_7344558429595831812_n.jpg-nggid014-ngg0dyn-240x160x100-00f0w010c011r110f110r010t010.jpg\"\/>\n                        <\/a>\n                                                        <\/div>\n            <\/div>\n                        <h4>\n                <a class='ngg-album-desc' title='S8 Underground'\n                       href='https:\/\/feedback.mordor.hu\/en\/gallery\/nggallery\/koncertek\/s8-underground'style=\"max-width: 260px\">S8 Underground<\/a>\n            <\/h4>\n            <p class=\"ngg-album-gallery-image-counter\">\n                                    <strong>16<\/strong>&nbsp;Photos                            <\/p>\n        <\/div>\n            <div class=\"ngg-album-compact\">\n            <div class=\"ngg-album-compactbox\">\n                <div class=\"ngg-album-link\">\n                                                                <a title='FEZEN r\u00e1di\u00f3'\n                       href='https:\/\/feedback.mordor.hu\/en\/gallery\/nggallery\/koncertek\/fezen-radio'>\n                            <img class=\"Thumb\"\n                                 alt=\"FEZEN r\u00e1di\u00f3\"\n                                 src=\"https:\/\/feedback.mordor.hu\/wp-content\/gallery\/fezen-radio\/cache\/297149929_483833707075773_7635921011766260805_n.jpg-nggid0218-ngg0dyn-240x160x100-00f0w010c011r110f110r010t010.jpg\"\/>\n                        <\/a>\n                                                        <\/div>\n            <\/div>\n                        <h4>\n                <a class='ngg-album-desc' title='FEZEN r\u00e1di\u00f3'\n                       href='https:\/\/feedback.mordor.hu\/en\/gallery\/nggallery\/koncertek\/fezen-radio'style=\"max-width: 260px\">FEZEN r\u00e1di\u00f3<\/a>\n            <\/h4>\n            <p class=\"ngg-album-gallery-image-counter\">\n                                    <strong>3<\/strong>&nbsp;Photos                            <\/p>\n        <\/div>\n            <div class=\"ngg-album-compact\">\n            <div class=\"ngg-album-compactbox\">\n                <div class=\"ngg-album-link\">\n                                                                <a title='B\u00e1nd Essegv\u00e1r'\n                       href='https:\/\/feedback.mordor.hu\/en\/gallery\/nggallery\/koncertek\/band-essegvar'>\n                            <img class=\"Thumb\"\n                                 alt=\"B\u00e1nd Essegv\u00e1r\"\n                                 src=\"https:\/\/feedback.mordor.hu\/wp-content\/gallery\/band-essegvar\/cache\/299198572_488112123314598_4867085051278317805_n.jpg-nggid0225-ngg0dyn-240x160x100-00f0w010c011r110f110r010t010.jpg\"\/>\n                        <\/a>\n                                                        <\/div>\n            <\/div>\n                        <h4>\n                <a class='ngg-album-desc' title='B\u00e1nd Essegv\u00e1r'\n                       href='https:\/\/feedback.mordor.hu\/en\/gallery\/nggallery\/koncertek\/band-essegvar'style=\"max-width: 260px\">B\u00e1nd Essegv\u00e1r<\/a>\n            <\/h4>\n            <p class=\"ngg-album-gallery-image-counter\">\n                                    <strong>6<\/strong>&nbsp;Photos                            <\/p>\n        <\/div>\n            <div class=\"ngg-album-compact\">\n            <div class=\"ngg-album-compactbox\">\n                <div class=\"ngg-album-link\">\n                                                                <a title='Duna\u00fajv\u00e1ros Kapt\u00e1r'\n                       href='https:\/\/feedback.mordor.hu\/en\/gallery\/nggallery\/koncertek\/dunaujvaros-kaptar'>\n                            <img class=\"Thumb\"\n                                 alt=\"Duna\u00fajv\u00e1ros Kapt\u00e1r\"\n                                 src=\"https:\/\/feedback.mordor.hu\/wp-content\/gallery\/dunaujvaros-kaptar\/cache\/279096854_1581602285574006_1509328310623915517_n.jpg-nggid0226-ngg0dyn-240x160x100-00f0w010c011r110f110r010t010.jpg\"\/>\n                        <\/a>\n                                                        <\/div>\n            <\/div>\n                        <h4>\n                <a class='ngg-album-desc' title='Duna\u00fajv\u00e1ros Kapt\u00e1r'\n                       href='https:\/\/feedback.mordor.hu\/en\/gallery\/nggallery\/koncertek\/dunaujvaros-kaptar'style=\"max-width: 260px\">Duna\u00fajv\u00e1ros Kapt\u00e1r<\/a>\n            <\/h4>\n            <p class=\"ngg-album-gallery-image-counter\">\n                                    <strong>2<\/strong>&nbsp;Photos                            <\/p>\n        <\/div>\n            <div class=\"ngg-album-compact\">\n            <div class=\"ngg-album-compactbox\">\n                <div class=\"ngg-album-link\">\n                                                                <a title='Nagykanizsa - Nemzeti Hang \u00e9s Z\u00e1r\u00f3ra'\n                       href='https:\/\/feedback.mordor.hu\/en\/gallery\/nggallery\/koncertek\/nagykanizsa-nemzeti-hang-es-zarora'>\n                            <img class=\"Thumb\"\n                                 alt=\"Nagykanizsa - Nemzeti Hang \u00e9s Z\u00e1r\u00f3ra\"\n                                 src=\"https:\/\/feedback.mordor.hu\/wp-content\/gallery\/nagykanizsa-nemzeti-hang-es-zarora\/cache\/278293013_1568782063522695_4393344081081601006_n.jpg-nggid0233-ngg0dyn-240x160x100-00f0w010c011r110f110r010t010.jpg\"\/>\n                        <\/a>\n                                                        <\/div>\n            <\/div>\n                        <h4>\n                <a class='ngg-album-desc' title='Nagykanizsa - Nemzeti Hang \u00e9s Z\u00e1r\u00f3ra'\n                       href='https:\/\/feedback.mordor.hu\/en\/gallery\/nggallery\/koncertek\/nagykanizsa-nemzeti-hang-es-zarora'style=\"max-width: 260px\">Nagykanizsa - Nemzeti Hang \u00e9s Z\u00e1r\u00f3ra<\/a>\n            <\/h4>\n            <p class=\"ngg-album-gallery-image-counter\">\n                                    <strong>6<\/strong>&nbsp;Photos                            <\/p>\n        <\/div>\n        <br class=\"ngg-clear\"\/>\n    <div class='ngg-clear'><\/div><\/div>\n\n","protected":false,"raw":"[ngg src=\"albums\" ids=\"1\" display=\"basic_compact_album\"]"},"excerpt":{"rendered":"","protected":false,"raw":""},"author":3,"featured_media":0,"parent":0,"menu_order":0,"comment_status":"closed","ping_status":"closed","template":"","meta":{"_hu_post_content":"[ngg src=\"albums\" ids=\"1\" display=\"basic_compact_album\"]","_hu_post_name":"galeria","_hu_post_excerpt":"","_hu_post_title":"Gal\u00e9ria","_en_post_content":"[ngg src=\"albums\" ids=\"1\" display=\"basic_compact_album\"]","_en_post_name":"gallery","_en_post_excerpt":"","_en_post_title":"Gallery","edit_language":"en","ngg_post_thumbnail":0,"footnotes":""},"_links":{"self":[{"href":"https:\/\/feedback.mordor.hu\/en\/wp-json\/wp\/v2\/pages\/107"}],"collection":[{"href":"https:\/\/feedback.mordor.hu\/en\/wp-json\/wp\/v2\/pages"}],"about":[{"href":"https:\/\/feedback.mordor.hu\/en\/wp-json\/wp\/v2\/types\/page"}],"author":[{"embeddable":true,"href":"https:\/\/feedback.mordor.hu\/en\/wp-json\/wp\/v2\/users\/3"}],"replies":[{"embeddable":true,"href":"https:\/\/feedback.mordor.hu\/en\/wp-json\/wp\/v2\/comments?post=107"}],"version-history":[{"count":7,"href":"https:\/\/feedback.mordor.hu\/en\/wp-json\/wp\/v2\/pages\/107\/revisions"}],"predecessor-version":[{"id":168,"href":"https:\/\/feedback.mordor.hu\/en\/wp-json\/wp\/v2\/pages\/107\/revisions\/168"}],"wp:attachment":[{"href":"https:\/\/feedback.mordor.hu\/en\/wp-json\/wp\/v2\/media?parent=107"}],"curies":[{"name":"wp","href":"https:\/\/api.w.org\/{rel}","templated":true}]}}