{"id":30,"date":"2022-07-13T05:34:11","date_gmt":"2022-07-13T05:34:11","guid":{"rendered":"https:\/\/feedback.mordor.hu\/?page_id=30"},"modified":"2022-10-24T11:36:44","modified_gmt":"2022-10-24T09:36:44","slug":"contact","status":"publish","type":"page","link":"https:\/\/feedback.mordor.hu\/en\/contact\/","title":{"rendered":"Contact","raw":"Contact"},"content":{"rendered":"<p>Contact us for more information.<\/p>\n<p><!-- \/wp:paragraph --><\/p>\n<p>\n<div class=\"wpcf7 no-js\" id=\"wpcf7-f325-o2\" lang=\"hu-HU\" dir=\"ltr\">\n<div class=\"screen-reader-response\"><p role=\"status\" aria-live=\"polite\" aria-atomic=\"true\"><\/p> <ul><\/ul><\/div>\n<form action=\"\/en\/wp-json\/wp\/v2\/pages\/30#wpcf7-f325-o2\" method=\"post\" class=\"wpcf7-form init\" aria-label=\"Contact form\" novalidate=\"novalidate\" data-status=\"init\">\n<div style=\"display: none;\">\n<input type=\"hidden\" name=\"_wpcf7\" value=\"325\" \/>\n<input type=\"hidden\" name=\"_wpcf7_version\" value=\"5.8\" \/>\n<input type=\"hidden\" name=\"_wpcf7_locale\" value=\"hu_HU\" \/>\n<input type=\"hidden\" name=\"_wpcf7_unit_tag\" value=\"wpcf7-f325-o2\" \/>\n<input type=\"hidden\" name=\"_wpcf7_container_post\" value=\"0\" \/>\n<input type=\"hidden\" name=\"_wpcf7_posted_data_hash\" value=\"\" \/>\n<\/div>\n<p><label> Name<br \/>\n<span class=\"wpcf7-form-control-wrap\" data-name=\"your-name\"><input size=\"40\" class=\"wpcf7-form-control wpcf7-text wpcf7-validates-as-required\" aria-required=\"true\" aria-invalid=\"false\" value=\"\" type=\"text\" name=\"your-name\" \/><\/span> <\/label>\n<\/p>\n<p><label> E-mail<br \/>\n<span class=\"wpcf7-form-control-wrap\" data-name=\"your-email\"><input size=\"40\" class=\"wpcf7-form-control wpcf7-email wpcf7-validates-as-required wpcf7-text wpcf7-validates-as-email\" aria-required=\"true\" aria-invalid=\"false\" value=\"\" type=\"email\" name=\"your-email\" \/><\/span> <\/label>\n<\/p>\n<p><label> Subject<br \/>\n<span class=\"wpcf7-form-control-wrap\" data-name=\"your-subject\"><input size=\"40\" class=\"wpcf7-form-control wpcf7-text wpcf7-validates-as-required\" aria-required=\"true\" aria-invalid=\"false\" value=\"\" type=\"text\" name=\"your-subject\" \/><\/span> <\/label>\n<\/p>\n<p><label> Message<br \/>\n<span class=\"wpcf7-form-control-wrap\" data-name=\"your-message\"><textarea cols=\"40\" rows=\"10\" class=\"wpcf7-form-control wpcf7-textarea\" aria-invalid=\"false\" name=\"your-message\"><\/textarea><\/span> <\/label>\n<\/p>\n<p><input class=\"wpcf7-form-control wpcf7-submit has-spinner\" type=\"submit\" value=\"Submit\" \/>\n<\/p><div class=\"wpcf7-response-output\" aria-hidden=\"true\"><\/div>\n<\/form>\n<\/div>\n<\/p>\n<p>Contact:<\/p>\n<p><!-- Beginning of Link Library Output --><div id='linklist1' class='linklist'><!-- Div Linklist -->\n<div class=\"LinkLibraryCat LinkLibraryCat41 level0\"><!-- Div Category --><div id=\"social-media\"><!-- Div Category Name --><div class=\"linklistcatname\"><!-- Div Cat Name --><span class=\"linklistcatclass\">Social Media<\/span><\/div><!-- DivOrHeader --><\/div><!-- Div Category Name -->\n\t<ul>\n<li><a href=\"https:\/\/www.facebook.com\/feedback.zenekar\" id=\"link-343\" class=\"track_this_link \" rel=\"noopener noreferrer\" target=\"_blank\">Facebook<\/a><\/li>\n<li><a href=\"https:\/\/www.instagram.com\/feedbackrockband\/\" id=\"link-344\" class=\"track_this_link \" rel=\"noopener noreferrer\" target=\"_blank\">Instagram<\/a><\/li>\n<li><a href=\"https:\/\/www.youtube.com\/channel\/UCj7K8jZ6Y29IAOcRCYf10Tw\" id=\"link-346\" class=\"track_this_link \" rel=\"noopener noreferrer\" target=\"_blank\">Youtube<\/a><\/li>\n\t<\/ul>\n<\/div><!-- Div End Category -->\n<script type='text\/javascript'>\njQuery(document).ready(function()\n{\njQuery('.arrow-up').hide();\njQuery('#linklist1 a.track_this_link').click(function() {\nlinkid = this.id;\nlinkid = linkid.substring(5);\npath = '';\njQuery.ajax( {    type: 'POST',    url: 'https:\/\/feedback.mordor.hu\/wp-admin\/admin-ajax.php',     data: { action: 'link_library_tracker',             _ajax_nonce: 'dd9954c604',             id:linkid, xpath:path }     });\nreturn true;\n});\njQuery('#linklist1 .expandlinks').click(function() {\ntarget = '.' + jQuery(this).attr('id');\nsubcattarget = '.' + jQuery(this).attr('data-subcat');\nif ( jQuery( target ).is(':visible') ) {\njQuery(target).slideUp();\njQuery(subcattarget).slideToggle();\njQuery(this).children('img').attr('src', 'https:\/\/feedback.mordor.hu\/wp-content\/plugins\/link-library\/icons\/expand-32.png');\n} else {\njQuery(target).slideDown();\njQuery(subcattarget).slideToggle();\njQuery(this).children('img').attr('src', 'https:\/\/feedback.mordor.hu\/wp-content\/plugins\/link-library\/icons\/collapse-32.png');\n}\n});\njQuery('#linklist1 .linklistcatclass').click(function() {\njQuery(this).siblings('.expandlinks').click();\n});\njQuery('#linklist1 .linklistcatnamedesc').click(function() {\njQuery(this).siblings('.expandlinks').click();\n});\n});\n<\/script>\n<\/div><!-- Div Linklist -->\n<!-- End of Link Library Output -->\n\n<code><\/code><\/p>\n","protected":false,"raw":"<p>Contact us for more information.<\/p>\r\n<p><!-- \/wp:paragraph --><\/p>\r\n<p>[contact-form-7 id=\"325\" title=\"Angol\"]<\/p>\r\n<p>Contact:<\/p>\r\n<p>[link-library settings=1]<code><\/code><\/p>"},"excerpt":{"rendered":"","protected":false,"raw":""},"author":2,"featured_media":0,"parent":0,"menu_order":0,"comment_status":"closed","ping_status":"closed","template":"","meta":{"_hu_post_content":"<!-- wp:paragraph -->\r\n<p>Ha szeretn\u00e9l minket \u00e9l\u0151ben is meghallgatni, vedd fel vel\u00fcnk a kapcsolatot.<\/p>\r\n<!-- \/wp:paragraph -->\r\n<p>[contact-form-7 id=\"186\" title=\"Kapcsolatfelv\u00e9tei \u0171rlap\"]<\/p>\r\n<p>El\u00e9rhet\u0151s\u00e9geink:<\/p>\r\n<p>[link-library settings=1]<code><\/code><\/p>","_hu_post_name":"kontakt","_hu_post_excerpt":"","_hu_post_title":"Kontakt","_en_post_content":"<p>Contact us for more information.<\/p>\r\n<p><!-- \/wp:paragraph --><\/p>\r\n<p>[contact-form-7 id=\"325\" title=\"Angol\"]<\/p>\r\n<p>Contact:<\/p>\r\n<p>[link-library settings=1]<code><\/code><\/p>","_en_post_name":"contact","_en_post_excerpt":"","_en_post_title":"Contact","edit_language":"en","ngg_post_thumbnail":0,"footnotes":""},"_links":{"self":[{"href":"https:\/\/feedback.mordor.hu\/en\/wp-json\/wp\/v2\/pages\/30"}],"collection":[{"href":"https:\/\/feedback.mordor.hu\/en\/wp-json\/wp\/v2\/pages"}],"about":[{"href":"https:\/\/feedback.mordor.hu\/en\/wp-json\/wp\/v2\/types\/page"}],"author":[{"embeddable":true,"href":"https:\/\/feedback.mordor.hu\/en\/wp-json\/wp\/v2\/users\/2"}],"replies":[{"embeddable":true,"href":"https:\/\/feedback.mordor.hu\/en\/wp-json\/wp\/v2\/comments?post=30"}],"version-history":[{"count":10,"href":"https:\/\/feedback.mordor.hu\/en\/wp-json\/wp\/v2\/pages\/30\/revisions"}],"predecessor-version":[{"id":347,"href":"https:\/\/feedback.mordor.hu\/en\/wp-json\/wp\/v2\/pages\/30\/revisions\/347"}],"wp:attachment":[{"href":"https:\/\/feedback.mordor.hu\/en\/wp-json\/wp\/v2\/media?parent=30"}],"curies":[{"name":"wp","href":"https:\/\/api.w.org\/{rel}","templated":true}]}}